{"id":112,"date":"2011-05-07T13:42:43","date_gmt":"2011-05-07T17:42:43","guid":{"rendered":"https:\/\/www.checksam.fr\/blog\/?page_id=112"},"modified":"2024-05-14T23:00:03","modified_gmt":"2024-05-14T21:00:03","slug":"liens","status":"publish","type":"page","link":"https:\/\/www.checksam.fr\/blog\/liens\/","title":{"rendered":"Liens"},"content":{"rendered":"<p>Voici quelques autres de mes pages personnelles :<br \/>\n&#8211; <a href=\"https:\/\/www.flickr.com\/photos\/checksam\/\">Flickr<\/a>, galerie o\u00f9 j&rsquo;expose mes plus beaux clich\u00e9s.<br \/>\n&#8211; <a href=\"http:\/\/www.checksam.fr\/concerts\/\">Blog musique<\/a>, avec quelques id\u00e9es de concerts et d&rsquo;artistes sympas, mais qui ne sera plus mis \u00e0 jour en 2015.<\/p>\n<p>Et un peu de pub pour mon gentil h\u00e9bergeur Palkeo, qui a fait les sites :<br \/>\n&#8211; <a href=\"http:\/\/www.palkeo.com\">Palkeo.com<\/a>, son site perso !<\/p>\n","protected":false},"excerpt":{"rendered":"<p>Voici quelques autres de mes pages personnelles : &#8211; Flickr, galerie o\u00f9 j&rsquo;expose mes plus beaux clich\u00e9s. &#8211; Blog musique, avec quelques id\u00e9es de concerts et d&rsquo;artistes sympas, mais qui ne sera plus mis \u00e0 jour en 2015. Et un &hellip; <a href=\"https:\/\/www.checksam.fr\/blog\/liens\/\">Continuer la lecture <span class=\"meta-nav\">&rarr;<\/span><\/a><\/p>\n","protected":false},"author":1,"featured_media":0,"parent":0,"menu_order":2,"comment_status":"open","ping_status":"open","template":"","meta":{"footnotes":""},"_links":{"self":[{"href":"https:\/\/www.checksam.fr\/blog\/wp-json\/wp\/v2\/pages\/112"}],"collection":[{"href":"https:\/\/www.checksam.fr\/blog\/wp-json\/wp\/v2\/pages"}],"about":[{"href":"https:\/\/www.checksam.fr\/blog\/wp-json\/wp\/v2\/types\/page"}],"author":[{"embeddable":true,"href":"https:\/\/www.checksam.fr\/blog\/wp-json\/wp\/v2\/users\/1"}],"replies":[{"embeddable":true,"href":"https:\/\/www.checksam.fr\/blog\/wp-json\/wp\/v2\/comments?post=112"}],"version-history":[{"count":25,"href":"https:\/\/www.checksam.fr\/blog\/wp-json\/wp\/v2\/pages\/112\/revisions"}],"predecessor-version":[{"id":1298,"href":"https:\/\/www.checksam.fr\/blog\/wp-json\/wp\/v2\/pages\/112\/revisions\/1298"}],"wp:attachment":[{"href":"https:\/\/www.checksam.fr\/blog\/wp-json\/wp\/v2\/media?parent=112"}],"curies":[{"name":"wp","href":"https:\/\/api.w.org\/{rel}","templated":true}]}}