{"id":961,"date":"2015-02-02T05:04:36","date_gmt":"2015-02-02T03:04:36","guid":{"rendered":"https:\/\/www.checksam.fr\/blog\/?page_id=961"},"modified":"2015-08-25T17:33:35","modified_gmt":"2015-08-25T15:33:35","slug":"carte","status":"publish","type":"page","link":"https:\/\/www.checksam.fr\/blog\/carte\/","title":{"rendered":"Carte"},"content":{"rendered":"<p style=\"text-align: justify;\">Pour ceux qui souhaiteraient suivre mon itin\u00e9raire, voici la carte retra\u00e7ant approximativement mon parcours.<\/p>\n<p style=\"text-align: justify;\">Vous pouvez cliquer sur chaque point repr\u00e9sentant une \u00e9tape. En plus de la date et de la ville, j&rsquo;y indique syst\u00e9matiquement le mode d&rsquo;h\u00e9bergement (chez l&rsquo;habitant, camping, bivouac&#8230;).<\/p>\n<p style=\"text-align: justify;\">Tous les trac\u00e9s sont dans une m\u00eame couleur car j&rsquo;arrive pour le moment \u00e0 effectuer tous mes d\u00e9placements en auto-stop ! \ud83d\ude00 (cela m&rsquo;offre de nombreuses rencontres et permet de plus de rester dans le budget de 8\u20ac par jour !)<\/p>\n<p><iframe loading=\"lazy\" src=\"https:\/\/www.google.com\/maps\/d\/embed?mid=zOfQcdSIgdDw.kJcwhbCZu8Ts\" width=\"640\" height=\"480\"><\/iframe><\/p>\n","protected":false},"excerpt":{"rendered":"<p>Pour ceux qui souhaiteraient suivre mon itin\u00e9raire, voici la carte retra\u00e7ant approximativement mon parcours. Vous pouvez cliquer sur chaque point repr\u00e9sentant une \u00e9tape. En plus de la date et de la ville, j&rsquo;y indique syst\u00e9matiquement le mode d&rsquo;h\u00e9bergement (chez l&rsquo;habitant, &hellip; <a href=\"https:\/\/www.checksam.fr\/blog\/carte\/\">Continuer la lecture <span class=\"meta-nav\">&rarr;<\/span><\/a><\/p>\n","protected":false},"author":1,"featured_media":0,"parent":0,"menu_order":0,"comment_status":"open","ping_status":"open","template":"","meta":{"footnotes":""},"_links":{"self":[{"href":"https:\/\/www.checksam.fr\/blog\/wp-json\/wp\/v2\/pages\/961"}],"collection":[{"href":"https:\/\/www.checksam.fr\/blog\/wp-json\/wp\/v2\/pages"}],"about":[{"href":"https:\/\/www.checksam.fr\/blog\/wp-json\/wp\/v2\/types\/page"}],"author":[{"embeddable":true,"href":"https:\/\/www.checksam.fr\/blog\/wp-json\/wp\/v2\/users\/1"}],"replies":[{"embeddable":true,"href":"https:\/\/www.checksam.fr\/blog\/wp-json\/wp\/v2\/comments?post=961"}],"version-history":[{"count":13,"href":"https:\/\/www.checksam.fr\/blog\/wp-json\/wp\/v2\/pages\/961\/revisions"}],"predecessor-version":[{"id":1231,"href":"https:\/\/www.checksam.fr\/blog\/wp-json\/wp\/v2\/pages\/961\/revisions\/1231"}],"wp:attachment":[{"href":"https:\/\/www.checksam.fr\/blog\/wp-json\/wp\/v2\/media?parent=961"}],"curies":[{"name":"wp","href":"https:\/\/api.w.org\/{rel}","templated":true}]}}